{"id":2,"date":"2025-05-14T16:24:42","date_gmt":"2025-05-14T14:24:42","guid":{"rendered":"https:\/\/mb-berlin.holdings\/Brandschutz\/anfrage-kontakt\/?page_id=2"},"modified":"2025-07-14T08:26:46","modified_gmt":"2025-07-14T06:26:46","slug":"home","status":"publish","type":"page","link":"https:\/\/mb-berlin.holdings\/Brandschutz\/anfrage-kontakt\/","title":{"rendered":"Home"},"content":{"rendered":"<section id=\"block_93cba2e9dbedba8b588cfa7ed35c3817\" class=\"revilodesign revilodesign-text text\">\n\t<div class=\"content\">\n\t\t<div class=\"flex alignCenter\">\n\t\t\t<div class=\"flexbox text left\">\n\t\t\t\t<article>\n\t\t\t\t\t<p class=\"subheadline\">Fachgerechte Brandschutzbeschichtung von Stahlbauteilen in ganz Deutschland<\/p><h2>Brandschutzbeschichtungen bundesweit<\/h2><ul class=\"check\">\n<li>Brandschutz vom Fachbetrieb \u2013 deutschlandweit einsatzbereit<\/li>\n<li>Zertifizierte Beschichtungsl\u00f6sungen f\u00fcr maximale Sicherheit<\/li>\n<li>Vorbeugender Brandschutz nach DIN 4102 &#038; EN 13501<\/li>\n<li>Gesetzeskonforme Umsetzung aller Brandschutzauflagen<\/li>\n<li>Exakte Verarbeitung f\u00fcr zuverl\u00e4ssige Brandschutzwirkung<\/li>\n<li>Langanhaltender Schutz f\u00fcr Stahltr\u00e4ger und Tragkonstruktionen<\/li>\n<\/ul>\n<div class=\"buttons\"><a href=\"https:\/\/mb-berlin.holdings\/Brandschutz\/anfrage-kontakt\/kontakt\/\" class=\"revilodesign-btn btn\">Angebot einholen<\/a><\/div>\t\t\t\t<\/article>\n\t\t\t<\/div>\n\t\t\t\t\t\t<div class=\"flexbox assets\">\n\t\t\t\t<a href=\"https:\/\/mb-berlin.holdings\/Brandschutz\/anfrage-kontakt\/kontakt\/\" title=\"Kontakt\" target=\"\">\n\t\t<picture class=\"picture pixel\" data-image=\"269\">\n\t\t\t<source srcset=\"https:\/\/mb-berlin.holdings\/Brandschutz\/anfrage-kontakt\/media\/brandschutzbeschichtung-add-696x696.webp\" type=\"image\/webp\" media=\"(max-width: 696px)\" width=\"696\" height=\"696\"><source srcset=\"https:\/\/mb-berlin.holdings\/Brandschutz\/anfrage-kontakt\/media\/brandschutzbeschichtung-add-696x696.jpg\" type=\"image\/jpeg\" media=\"(max-width: 696px)\" width=\"696\" height=\"696\"><source srcset=\"https:\/\/mb-berlin.holdings\/Brandschutz\/anfrage-kontakt\/media\/brandschutzbeschichtung-add-150x150.webp\" type=\"image\/webp\" media=\"(max-width: 150px)\" width=\"150\" height=\"150\"><source srcset=\"https:\/\/mb-berlin.holdings\/Brandschutz\/anfrage-kontakt\/media\/brandschutzbeschichtung-add-150x150.jpg\" type=\"image\/jpeg\" media=\"(max-width: 150px)\" width=\"150\" height=\"150\"><source srcset=\"https:\/\/mb-berlin.holdings\/Brandschutz\/anfrage-kontakt\/media\/brandschutzbeschichtung-add-768x768.webp\" type=\"image\/webp\" media=\"(max-width: 768px)\" width=\"768\" height=\"768\"><source srcset=\"https:\/\/mb-berlin.holdings\/Brandschutz\/anfrage-kontakt\/media\/brandschutzbeschichtung-add-768x768.jpg\" type=\"image\/jpeg\" media=\"(max-width: 768px)\" width=\"768\" height=\"768\">\n\t\t\t<img loading=\"lazy\" decoding=\"async\" src=\"https:\/\/mb-berlin.holdings\/Brandschutz\/anfrage-kontakt\/media\/brandschutzbeschichtung-add.jpg\" alt=\"Brandschutzbeschitungen Bundesweit\" width=\"1024\" height=\"1024\" \/>\n\t\t<\/picture><div class=\"infoText\"><p><strong>Ihr Projekt. Unser Schutz. Ihre Anfrage.<\/strong><\/p>\n<\/div><\/a>\t\t\t<\/div>\n\t\t\t\t\t<\/div>\n\t<\/div>\n<\/section>\n\n<section id=\"block_02cf3f4e4aad46d7eba3b64e42f150d8\" class=\"revilodesign revilodesign-text text\">\n\t<div class=\"content\">\n\t\t<div class=\"flex alignCenter\">\n\t\t\t<div class=\"flexbox text right\">\n\t\t\t\t<article>\n\t\t\t\t\t<p class=\"subheadline\">Kompetenz in jeder Schicht<\/p><h2>Leistungs\u00fcbersicht<\/h2><p>Ob Neubau, Sanierung oder Schutzma\u00dfnahmen im Bestand, wir bieten <strong>fachgerechte Beschichtungsarbeiten auf h\u00f6chstem Niveau<\/strong>. Von der Vorbereitung \u00fcber den Korrosions- und Brandschutz bis zur Endbeschichtung begleiten wir Ihr Projekt zuverl\u00e4ssig und normgerecht.<\/p>\n<ul class=\"check\">\n<li>Planung von Beschichtungsarbeiten und Schutzma\u00dfnahmen<\/li>\n<li>Sandstrahlen (verschiedene Verfahren, auch im Schadstoffbereich)<\/li>\n<li>Korrosionsschutzbeschichtung (Airless-Verfahren und Handanstrich)<\/li>\n<li>Brandschutzbeschichtung (Airless-Verfahren und Handanstrich)<\/li>\n<li>Endbeschichtung f\u00fcr langfristigen Oberfl\u00e4chenschutz<\/li>\n<li>Begleitung und Vorbereitung zur Brandschutzabnahme<\/li>\n<\/ul>\n\t\t\t\t<\/article>\n\t\t\t<\/div>\n\t\t\t\t\t\t<div class=\"flexbox assets\">\n\t\t\t\t\n\t\t<picture class=\"picture pixel\" data-image=\"302\">\n\t\t\t<source srcset=\"https:\/\/mb-berlin.holdings\/Brandschutz\/anfrage-kontakt\/media\/unsere-leistungen-696x464.webp\" type=\"image\/webp\" media=\"(max-width: 696px)\" width=\"696\" height=\"464\"><source srcset=\"https:\/\/mb-berlin.holdings\/Brandschutz\/anfrage-kontakt\/media\/unsere-leistungen-696x464.jpg\" type=\"image\/jpeg\" media=\"(max-width: 696px)\" width=\"696\" height=\"464\"><source srcset=\"https:\/\/mb-berlin.holdings\/Brandschutz\/anfrage-kontakt\/media\/unsere-leistungen-150x150.webp\" type=\"image\/webp\" media=\"(max-width: 150px)\" width=\"150\" height=\"150\"><source srcset=\"https:\/\/mb-berlin.holdings\/Brandschutz\/anfrage-kontakt\/media\/unsere-leistungen-150x150.jpg\" type=\"image\/jpeg\" media=\"(max-width: 150px)\" width=\"150\" height=\"150\"><source srcset=\"https:\/\/mb-berlin.holdings\/Brandschutz\/anfrage-kontakt\/media\/unsere-leistungen-768x512.webp\" type=\"image\/webp\" media=\"(max-width: 768px)\" width=\"768\" height=\"512\"><source srcset=\"https:\/\/mb-berlin.holdings\/Brandschutz\/anfrage-kontakt\/media\/unsere-leistungen-768x512.jpg\" type=\"image\/jpeg\" media=\"(max-width: 768px)\" width=\"768\" height=\"512\">\n\t\t\t<img loading=\"lazy\" decoding=\"async\" src=\"https:\/\/mb-berlin.holdings\/Brandschutz\/anfrage-kontakt\/media\/unsere-leistungen.jpg\" alt=\"Unsere Leistungen f\u00fcr Brandschutzbeschichtiung\" width=\"1000\" height=\"667\" \/>\n\t\t<\/picture>\t\t\t<\/div>\n\t\t\t\t\t<\/div>\n\t<\/div>\n<\/section>\n\n<section id=\"block_ba710fa9b88a6ba74f70a4f1ab82033b\" class=\"revilodesign boxes\">\n\t<div class=\"content\">\n\t\t<div class=\"content half content-left text-align-left\">\n\t\t\t\t\t<\/div>\n\t\t<div class=\"content\"><div class=\"boxes boxes-style-column text-align-left boxes-space boxes-image-type-icon boxes-count-3\"><article><div class=\"revilodesign-card bg-color-white\"><div class=\"mpc-card-icon \">\n\t\t<picture class=\"icon pixel\" data-image=\"313\">\n\t\t\t<source srcset=\"https:\/\/mb-berlin.holdings\/Brandschutz\/anfrage-kontakt\/media\/planung-icon-150x150.webp\" type=\"image\/webp\" media=\"(max-width: 150px)\" width=\"150\" height=\"150\"><source srcset=\"https:\/\/mb-berlin.holdings\/Brandschutz\/anfrage-kontakt\/media\/planung-icon-150x150.png\" type=\"image\/png\" media=\"(max-width: 150px)\" width=\"150\" height=\"150\">\n\t\t\t<img loading=\"lazy\" decoding=\"async\" src=\"https:\/\/mb-berlin.holdings\/Brandschutz\/anfrage-kontakt\/media\/planung-icon.png\" alt=\"Planung Icon\" width=\"600\" height=\"600\" \/>\n\t\t<\/picture><\/div><div class=\"revilodesign-card-content\"><p class=\"subheadline\">Effiziente Abl\u00e4ufe dank vorausschauender Planung<\/p><h3 id=\"planung\">Planung<\/h3><div class=\"text\"><p>Eine fachgerechte Beschichtung beginnt mit einer pr\u00e4zisen Planung. Wir analysieren die baulichen Gegebenheiten, definieren die Anforderungen an den Brand- und Korrosionsschutz und erstellen darauf basierend ein individuelles Beschichtungskonzept. Dabei achten wir auf gesetzliche Vorgaben, Umwelteinfl\u00fcsse und die optimale Materialauswahl  f\u00fcr eine sichere, wirtschaftliche und langlebige Umsetzung.<\/p>\n<\/div><\/div><\/div><\/article><article><div class=\"revilodesign-card bg-color-white\"><div class=\"mpc-card-icon \">\n\t\t<picture class=\"icon pixel\" data-image=\"356\">\n\t\t\t<source srcset=\"https:\/\/mb-berlin.holdings\/Brandschutz\/anfrage-kontakt\/media\/brandschutzbeschichutng-icon-150x150.webp\" type=\"image\/webp\" media=\"(max-width: 150px)\" width=\"150\" height=\"150\"><source srcset=\"https:\/\/mb-berlin.holdings\/Brandschutz\/anfrage-kontakt\/media\/brandschutzbeschichutng-icon-150x150.png\" type=\"image\/png\" media=\"(max-width: 150px)\" width=\"150\" height=\"150\">\n\t\t\t<img loading=\"lazy\" decoding=\"async\" src=\"https:\/\/mb-berlin.holdings\/Brandschutz\/anfrage-kontakt\/media\/brandschutzbeschichutng-icon.png\" alt=\"Brandschutzbeschichutng Icon\" width=\"300\" height=\"300\" \/>\n\t\t<\/picture><\/div><div class=\"revilodesign-card-content\"><p class=\"subheadline\">Wirksamer Schutz bei Feuer und Hitze<\/p><h3 id=\"brandschutzbeschichtung\">Brandschutzbeschichtung<\/h3><div class=\"text\"><p>Unsere Brandschutzbeschichtungen verz\u00f6gern im Ernstfall die Hitzeeinwirkung auf tragende Bauteile und verschaffen wertvolle Zeit f\u00fcr Evakuierung und L\u00f6scharbeiten. Je nach Anforderung setzen wir auf Airless-Spritztechnik oder klassischen Handauftrag. Wir arbeiten nach aktuellen Normen und mit gepr\u00fcften Systemen, sowohl im Neubau als auch bei Sanierungsprojekten.<\/p>\n<\/div><\/div><\/div><\/article><article><div class=\"revilodesign-card bg-color-white\"><div class=\"mpc-card-icon \">\n\t\t<picture class=\"icon pixel\" data-image=\"397\">\n\t\t\t<source srcset=\"https:\/\/mb-berlin.holdings\/Brandschutz\/anfrage-kontakt\/media\/abnahme-brandschutz-icon-150x150.webp\" type=\"image\/webp\" media=\"(max-width: 150px)\" width=\"150\" height=\"150\"><source srcset=\"https:\/\/mb-berlin.holdings\/Brandschutz\/anfrage-kontakt\/media\/abnahme-brandschutz-icon-150x150.png\" type=\"image\/png\" media=\"(max-width: 150px)\" width=\"150\" height=\"150\">\n\t\t\t<img loading=\"lazy\" decoding=\"async\" src=\"https:\/\/mb-berlin.holdings\/Brandschutz\/anfrage-kontakt\/media\/abnahme-brandschutz-icon.png\" alt=\"Brandschutzabnahme Icon\" width=\"300\" height=\"300\" \/>\n\t\t<\/picture><\/div><div class=\"revilodesign-card-content\"><p class=\"subheadline\">Sicher durch die Abnahme<\/p><h3 id=\"brandschutzabnahme\">Brandschutzabnahme<\/h3><div class=\"text\"><p>Wir stehen Ihnen nicht nur w\u00e4hrend der Ausf\u00fchrung zur Seite, sondern begleiten auch die abschlie\u00dfende Brandschutzabnahme. Dabei stimmen wir uns mit den zust\u00e4ndigen Beh\u00f6rden, Sachverst\u00e4ndigen oder Pr\u00fcfinstituten ab, dokumentieren die ausgef\u00fchrten Arbeiten und sorgen f\u00fcr eine reibungslose \u00dcbergabe. Unsere Erfahrung hilft, Abl\u00e4ufe zu beschleunigen und unn\u00f6tige Nacharbeiten zu vermeiden.<\/p>\n<\/div><\/div><\/div><\/article><article><div class=\"revilodesign-card bg-color-white\"><div class=\"mpc-card-icon \">\n\t\t<picture class=\"icon pixel\" data-image=\"310\">\n\t\t\t<source srcset=\"https:\/\/mb-berlin.holdings\/Brandschutz\/anfrage-kontakt\/media\/sandstrahlen-icon-150x150.webp\" type=\"image\/webp\" media=\"(max-width: 150px)\" width=\"150\" height=\"150\"><source srcset=\"https:\/\/mb-berlin.holdings\/Brandschutz\/anfrage-kontakt\/media\/sandstrahlen-icon-150x150.png\" type=\"image\/png\" media=\"(max-width: 150px)\" width=\"150\" height=\"150\">\n\t\t\t<img loading=\"lazy\" decoding=\"async\" src=\"https:\/\/mb-berlin.holdings\/Brandschutz\/anfrage-kontakt\/media\/sandstrahlen-icon.png\" alt=\"Sandstrahlen Icon\" width=\"600\" height=\"600\" \/>\n\t\t<\/picture><\/div><div class=\"revilodesign-card-content\"><p class=\"subheadline\">Saubere Grundlage f\u00fcr langlebige Beschichtungen<\/p><h3 id=\"sandstrahlen\">Sandstrahlen<\/h3><div class=\"text\"><p>Die richtige Vorbereitung ist entscheidend f\u00fcr den Erfolg jeder Beschichtung. Durch professionelles Sandstrahlen entfernen wir Rost, alte Beschichtungen und Verschmutzungen gr\u00fcndlich, auch in schwer zug\u00e4nglichen Bereichen. Je nach Untergrund und Anforderung setzen wir verschiedene Strahlverfahren ein, darunter auch spezialisierte Techniken f\u00fcr Arbeiten im Schadstoffbereich. So schaffen wir die ideale Oberfl\u00e4che f\u00fcr eine dauerhafte Haftung von Korrosions- und Brandschutzbeschichtungen.<\/p>\n<\/div><\/div><\/div><\/article><article><div class=\"revilodesign-card bg-color-white\"><div class=\"mpc-card-icon \">\n\t\t<picture class=\"icon pixel\" data-image=\"360\">\n\t\t\t<source srcset=\"https:\/\/mb-berlin.holdings\/Brandschutz\/anfrage-kontakt\/media\/korrosionsschutz-icon-150x150.webp\" type=\"image\/webp\" media=\"(max-width: 150px)\" width=\"150\" height=\"150\"><source srcset=\"https:\/\/mb-berlin.holdings\/Brandschutz\/anfrage-kontakt\/media\/korrosionsschutz-icon-150x150.png\" type=\"image\/png\" media=\"(max-width: 150px)\" width=\"150\" height=\"150\">\n\t\t\t<img loading=\"lazy\" decoding=\"async\" src=\"https:\/\/mb-berlin.holdings\/Brandschutz\/anfrage-kontakt\/media\/korrosionsschutz-icon.png\" alt=\"Korrosionsschutz Icon\" width=\"300\" height=\"300\" \/>\n\t\t<\/picture><\/div><div class=\"revilodesign-card-content\"><p class=\"subheadline\">Zuverl\u00e4ssiger Schutz vor Rost und Umwelteinfl\u00fcssen<\/p><h3 id=\"korrosionsschutzbeschichtung\">Korrosionsschutzbeschichtung<\/h3><div class=\"text\"><p>Stahlkonstruktionen sind dauerhaft hohen Belastungen durch Feuchtigkeit, Chemikalien und Witterung ausgesetzt. Mit unseren professionellen Korrosionsschutzbeschichtungen sch\u00fctzen wir Oberfl\u00e4chen wirksam und langanhaltend vor Sch\u00e4den. Je nach Einsatzbereich und Material tragen wir die Beschichtung per Airless-Verfahren oder von Hand auf, immer fachgerecht, normkonform und mit pr\u00e4ziser Vorbereitung. So sichern wir die Stabilit\u00e4t und Lebensdauer Ihrer Konstruktion.<\/p>\n<\/div><\/div><\/div><\/article><article><div class=\"revilodesign-card bg-color-white\"><div class=\"mpc-card-icon \">\n\t\t<picture class=\"icon pixel\" data-image=\"364\">\n\t\t\t<source srcset=\"https:\/\/mb-berlin.holdings\/Brandschutz\/anfrage-kontakt\/media\/endbeschichtung-icon-150x150.webp\" type=\"image\/webp\" media=\"(max-width: 150px)\" width=\"150\" height=\"150\"><source srcset=\"https:\/\/mb-berlin.holdings\/Brandschutz\/anfrage-kontakt\/media\/endbeschichtung-icon-150x150.png\" type=\"image\/png\" media=\"(max-width: 150px)\" width=\"150\" height=\"150\">\n\t\t\t<img loading=\"lazy\" decoding=\"async\" src=\"https:\/\/mb-berlin.holdings\/Brandschutz\/anfrage-kontakt\/media\/endbeschichtung-icon.png\" alt=\"Endbeschichtung Icon\" width=\"300\" height=\"300\" \/>\n\t\t<\/picture><\/div><div class=\"revilodesign-card-content\"><p class=\"subheadline\">Die letzte Schicht z\u00e4hlt<\/p><h3 id=\"endbeschichtung\">Endbeschichtung<\/h3><div class=\"text\"><p>Die Endbeschichtung ist die letzte Schicht im Beschichtungsaufbau und sorgt f\u00fcr einen robusten, wetterbest\u00e4ndigen Abschluss. Sie sch\u00fctzt vor Abrieb, Korrosion, UV-Strahlung und Chemikalien. Je nach Anforderung und Oberfl\u00e4che erfolgt der Auftrag mit dem Airless-Ger\u00e4t oder per Hand. So entsteht ein gleichm\u00e4\u00dfiges, haftfestes Finish, das Funktionalit\u00e4t und Optik zuverl\u00e4ssig verbindet.<\/p>\n<\/div><\/div><\/div><\/article><\/div><\/div>\t<\/div>\n<\/section>\n\n<section id=\"block_a91909c02e6484137a4e0c89cffa5a5c\" class=\"revilodesign breaker breaker-right bg-color- bg-alpha-none\">\n\t<div class=\"content\">\n\t\t<div class=\"content half content-right text-align-right text-color-white\">\n\t\t\t<h2 class=\"hero-headline\" id=\"referenzprojekte\">Referenzprojekte<\/h2><p>  <strong>Monbijou Berlin (Bauhaus \/ Literatur Fabrik)<\/strong><br \/>\n  <strong>Galopp-Rennbahn Hoppegarten<\/strong><br \/>\n  <strong>Glash\u00fctte, Strahlauer Allee 1, Berlin<\/strong><br \/>\n  <strong>Werkshallen Bucherweg, Ahrensfelde<\/strong><br \/>\n  <strong>ORA-Hotel, Berlin<\/strong><br \/>\n  <strong>Kreuzberger Lofts, Berlin<\/strong><br \/>\n  <strong>IGA-Park Berlin, Seilbahn-Station, Berlin-Marzahn<\/strong><br \/>\n  <strong>IGA-Park Berlin, Wolkenhain, Berlin-Marzahn<\/strong><br \/>\n  <strong>Spreeh\u00f6fe, Berlin (Bryan Adams)<\/strong><br \/>\n  <strong>REWE, Berlin-Hellersdorf, Neubau<\/strong><br \/>\n  <strong>Bauvorhaben Berlin-Mitte, 18.000\u202fm\u00b2<\/strong><\/p>\n<div class=\"buttons buttons-right\"><a href=\"https:\/\/mb-berlin.holdings\/Brandschutz\/anfrage-kontakt\/kontakt\/\" class=\"revilodesign-btn btn\">Jetzt Anfragen<\/a><\/div>\t\t<\/div>\n\t<\/div>\n\t\n\t\t<picture class=\"picture cover pixel\" data-image=\"240\">\n\t\t\t<source srcset=\"https:\/\/mb-berlin.holdings\/Brandschutz\/anfrage-kontakt\/media\/low-angle-worker-spraying-powder-paint-from-gun-696x464.webp\" type=\"image\/webp\" media=\"(max-width: 696px)\" width=\"696\" height=\"464\"><source srcset=\"https:\/\/mb-berlin.holdings\/Brandschutz\/anfrage-kontakt\/media\/low-angle-worker-spraying-powder-paint-from-gun-696x464.jpg\" type=\"image\/jpeg\" media=\"(max-width: 696px)\" width=\"696\" height=\"464\"><source srcset=\"https:\/\/mb-berlin.holdings\/Brandschutz\/anfrage-kontakt\/media\/low-angle-worker-spraying-powder-paint-from-gun-1024x683.webp\" type=\"image\/webp\" media=\"(max-width: 1024px)\" width=\"1024\" height=\"683\"><source srcset=\"https:\/\/mb-berlin.holdings\/Brandschutz\/anfrage-kontakt\/media\/low-angle-worker-spraying-powder-paint-from-gun-1024x683.jpg\" type=\"image\/jpeg\" media=\"(max-width: 1024px)\" width=\"1024\" height=\"683\"><source srcset=\"https:\/\/mb-berlin.holdings\/Brandschutz\/anfrage-kontakt\/media\/low-angle-worker-spraying-powder-paint-from-gun-150x150.webp\" type=\"image\/webp\" media=\"(max-width: 150px)\" width=\"150\" height=\"150\"><source srcset=\"https:\/\/mb-berlin.holdings\/Brandschutz\/anfrage-kontakt\/media\/low-angle-worker-spraying-powder-paint-from-gun-150x150.jpg\" type=\"image\/jpeg\" media=\"(max-width: 150px)\" width=\"150\" height=\"150\"><source srcset=\"https:\/\/mb-berlin.holdings\/Brandschutz\/anfrage-kontakt\/media\/low-angle-worker-spraying-powder-paint-from-gun-768x512.webp\" type=\"image\/webp\" media=\"(max-width: 768px)\" width=\"768\" height=\"512\"><source srcset=\"https:\/\/mb-berlin.holdings\/Brandschutz\/anfrage-kontakt\/media\/low-angle-worker-spraying-powder-paint-from-gun-768x512.jpg\" type=\"image\/jpeg\" media=\"(max-width: 768px)\" width=\"768\" height=\"512\"><source srcset=\"https:\/\/mb-berlin.holdings\/Brandschutz\/anfrage-kontakt\/media\/low-angle-worker-spraying-powder-paint-from-gun-1536x1024.webp\" type=\"image\/webp\" media=\"(max-width: 1536px)\" width=\"1536\" height=\"1024\"><source srcset=\"https:\/\/mb-berlin.holdings\/Brandschutz\/anfrage-kontakt\/media\/low-angle-worker-spraying-powder-paint-from-gun-1536x1024.jpg\" type=\"image\/jpeg\" media=\"(max-width: 1536px)\" width=\"1536\" height=\"1024\"><source srcset=\"https:\/\/mb-berlin.holdings\/Brandschutz\/anfrage-kontakt\/media\/low-angle-worker-spraying-powder-paint-from-gun-2048x1365.webp\" type=\"image\/webp\" media=\"(max-width: 2048px)\" width=\"2048\" height=\"1365\"><source srcset=\"https:\/\/mb-berlin.holdings\/Brandschutz\/anfrage-kontakt\/media\/low-angle-worker-spraying-powder-paint-from-gun-2048x1365.jpg\" type=\"image\/jpeg\" media=\"(max-width: 2048px)\" width=\"2048\" height=\"1365\">\n\t\t\t<img loading=\"lazy\" decoding=\"async\" src=\"https:\/\/mb-berlin.holdings\/Brandschutz\/anfrage-kontakt\/media\/low-angle-worker-spraying-powder-paint-from-gun-scaled.jpg\" alt=\"Brandschutzbeschichtung Bundesweit\" width=\"2560\" height=\"1707\" \/>\n\t\t<\/picture><\/section>","protected":false},"excerpt":{"rendered":"","protected":false},"author":1,"featured_media":0,"parent":0,"menu_order":0,"comment_status":"closed","ping_status":"open","template":"","meta":{"_acf_changed":false,"footnotes":""},"class_list":["post-2","page","type-page","status-publish","hentry"],"acf":[],"_links":{"self":[{"href":"https:\/\/mb-berlin.holdings\/Brandschutz\/anfrage-kontakt\/wp-json\/wp\/v2\/pages\/2","targetHints":{"allow":["GET"]}}],"collection":[{"href":"https:\/\/mb-berlin.holdings\/Brandschutz\/anfrage-kontakt\/wp-json\/wp\/v2\/pages"}],"about":[{"href":"https:\/\/mb-berlin.holdings\/Brandschutz\/anfrage-kontakt\/wp-json\/wp\/v2\/types\/page"}],"author":[{"embeddable":true,"href":"https:\/\/mb-berlin.holdings\/Brandschutz\/anfrage-kontakt\/wp-json\/wp\/v2\/users\/1"}],"replies":[{"embeddable":true,"href":"https:\/\/mb-berlin.holdings\/Brandschutz\/anfrage-kontakt\/wp-json\/wp\/v2\/comments?post=2"}],"version-history":[{"count":83,"href":"https:\/\/mb-berlin.holdings\/Brandschutz\/anfrage-kontakt\/wp-json\/wp\/v2\/pages\/2\/revisions"}],"predecessor-version":[{"id":514,"href":"https:\/\/mb-berlin.holdings\/Brandschutz\/anfrage-kontakt\/wp-json\/wp\/v2\/pages\/2\/revisions\/514"}],"wp:attachment":[{"href":"https:\/\/mb-berlin.holdings\/Brandschutz\/anfrage-kontakt\/wp-json\/wp\/v2\/media?parent=2"}],"curies":[{"name":"wp","href":"https:\/\/api.w.org\/{rel}","templated":true}]}}